{"id":1316,"date":"2025-04-14T19:26:47","date_gmt":"2025-04-14T19:26:47","guid":{"rendered":"https:\/\/www.orthonowcare.com\/?post_type=product&#038;p=1316"},"modified":"2025-09-29T12:02:30","modified_gmt":"2025-09-29T16:02:30","slug":"orthonaturals-cbd-1000mg-lotion","status":"publish","type":"product","link":"https:\/\/www.orthonowcare.com\/es\/producto\/orthonaturals-cbd-1000mg-lotion\/","title":{"rendered":"OrthoNaturals CBD 1000 mg <br> Loci\u00f3n"},"content":{"rendered":"<h4>\u00bfPor qu\u00e9 elegir OrthoNaturals?<\/h4>\n<p>En OrthoNaturals, creemos que el mejor alivio proviene de la naturaleza y de expertos en los que usted conf\u00eda. Nuestros productos de CBD est\u00e1n dise\u00f1ados por profesionales ortop\u00e9dicos y elaborados con ingredientes org\u00e1nicos de primera calidad para ofrecer resultados impactantes. Los productos t\u00f3picos no contienen THC, son org\u00e1nicos y no est\u00e1n modificados gen\u00e9ticamente.<\/p>","protected":false},"excerpt":{"rendered":"<p><span style=\"font-weight: 400;\">Alivio potente y de r\u00e1pida absorci\u00f3n donde m\u00e1s lo necesitas. Nuestra loci\u00f3n de CBD de 1000 mg combina la potencia del CBD org\u00e1nico con el efecto calmante del mentol para un apoyo localizado.<\/span><\/p>\n<ul>\n<li><span style=\"font-weight: 400;\">Perfecto para el alivio diario de m\u00fasculos y articulaciones.<\/span><\/li>\n<li><span style=\"font-weight: 400;\">Mentol para un efecto refrescante y calmante.<\/span><\/li>\n<li><span style=\"font-weight: 400;\">1000 mg de CBD de alta calidad<\/span><\/li>\n<li>Ingredientes org\u00e1nicos, libres de THC y probados en laboratorio para garantizar su pureza.<\/li>\n<\/ul>\n<p>Los productos defectuosos son elegibles para un cambio.<\/p>","protected":false},"featured_media":4263,"template":"","meta":{"_acf_changed":false,"inline_featured_image":false},"product_brand":[],"product_cat":[32],"product_tag":[],"class_list":{"0":"post-1316","1":"product","2":"type-product","3":"status-publish","4":"has-post-thumbnail","6":"product_cat-uncategorized","8":"first","9":"instock","10":"taxable","11":"shipping-taxable","12":"purchasable","13":"product-type-simple"},"acf":[],"_links":{"self":[{"href":"https:\/\/www.orthonowcare.com\/es\/wp-json\/wp\/v2\/product\/1316","targetHints":{"allow":["GET"]}}],"collection":[{"href":"https:\/\/www.orthonowcare.com\/es\/wp-json\/wp\/v2\/product"}],"about":[{"href":"https:\/\/www.orthonowcare.com\/es\/wp-json\/wp\/v2\/types\/product"}],"version-history":[{"count":0,"href":"https:\/\/www.orthonowcare.com\/es\/wp-json\/wp\/v2\/product\/1316\/revisions"}],"wp:featuredmedia":[{"embeddable":true,"href":"https:\/\/www.orthonowcare.com\/es\/wp-json\/wp\/v2\/media\/4263"}],"wp:attachment":[{"href":"https:\/\/www.orthonowcare.com\/es\/wp-json\/wp\/v2\/media?parent=1316"}],"wp:term":[{"taxonomy":"product_brand","embeddable":true,"href":"https:\/\/www.orthonowcare.com\/es\/wp-json\/wp\/v2\/product_brand?post=1316"},{"taxonomy":"product_cat","embeddable":true,"href":"https:\/\/www.orthonowcare.com\/es\/wp-json\/wp\/v2\/product_cat?post=1316"},{"taxonomy":"product_tag","embeddable":true,"href":"https:\/\/www.orthonowcare.com\/es\/wp-json\/wp\/v2\/product_tag?post=1316"}],"curies":[{"name":"gracias","href":"https:\/\/api.w.org\/{rel}","templated":true}]}}