{"id":1318,"date":"2025-04-14T19:37:31","date_gmt":"2025-04-14T19:37:31","guid":{"rendered":"https:\/\/www.orthonowcare.com\/?post_type=product&#038;p=1318"},"modified":"2025-09-01T09:01:27","modified_gmt":"2025-09-01T14:01:27","slug":"orthonaturals-cbd-750mg-freeze-roll-on","status":"publish","type":"product","link":"https:\/\/www.orthonowcare.com\/es\/producto\/orthonaturals-cbd-750mg-freeze-roll-on\/","title":{"rendered":"OrthoNaturals CBD 750 mg Congelador Roll-On"},"content":{"rendered":"<h4>\u00bfPor qu\u00e9 elegir OrthoNaturals?<\/h4>\n<p><span style=\"font-weight: 400;\">En OrthoNaturals, creemos que el mejor alivio proviene de la naturaleza y de expertos en los que usted conf\u00eda. Nuestros productos de CBD est\u00e1n dise\u00f1ados por profesionales ortop\u00e9dicos y elaborados con ingredientes org\u00e1nicos de primera calidad para ofrecer resultados impactantes. Estos productos t\u00f3picos no contienen THC, son org\u00e1nicos y no est\u00e1n modificados gen\u00e9ticamente.<\/span><\/p>","protected":false},"excerpt":{"rendered":"<p>Nuestro producto m\u00e1s vendido, OrthoNaturals Freeze Roll-On, est\u00e1 dise\u00f1ado para un alivio r\u00e1pido y sin complicaciones. Con 900 mg de CBD org\u00e1nico y \u00e1rnica curativa, es la soluci\u00f3n ideal para dolores articulares, rigidez muscular y recuperaci\u00f3n post-entrenamiento.<\/p>\n<ul>\n<li>Ideal para articulaciones, espalda, hombros y recuperaci\u00f3n post-entrenamiento.<\/li>\n<li>Sensaci\u00f3n refrescante de acci\u00f3n r\u00e1pida<\/li>\n<li>900 mg de CBD en un roll-on de 3 oz f\u00e1cil de aplicar<\/li>\n<li>Infundido con \u00e1rnica para aliviar el dolor de forma natural.<\/li>\n<li>Ingredientes org\u00e1nicos, libres de THC y probados en laboratorio para garantizar su pureza.<\/li>\n<\/ul>","protected":false},"featured_media":4264,"template":"","meta":{"_acf_changed":false,"inline_featured_image":false},"product_brand":[],"product_cat":[32],"product_tag":[],"class_list":{"0":"post-1318","1":"product","2":"type-product","3":"status-publish","4":"has-post-thumbnail","6":"product_cat-uncategorized","8":"first","9":"instock","10":"taxable","11":"shipping-taxable","12":"purchasable","13":"product-type-simple"},"acf":[],"_links":{"self":[{"href":"https:\/\/www.orthonowcare.com\/es\/wp-json\/wp\/v2\/product\/1318","targetHints":{"allow":["GET"]}}],"collection":[{"href":"https:\/\/www.orthonowcare.com\/es\/wp-json\/wp\/v2\/product"}],"about":[{"href":"https:\/\/www.orthonowcare.com\/es\/wp-json\/wp\/v2\/types\/product"}],"version-history":[{"count":0,"href":"https:\/\/www.orthonowcare.com\/es\/wp-json\/wp\/v2\/product\/1318\/revisions"}],"wp:featuredmedia":[{"embeddable":true,"href":"https:\/\/www.orthonowcare.com\/es\/wp-json\/wp\/v2\/media\/4264"}],"wp:attachment":[{"href":"https:\/\/www.orthonowcare.com\/es\/wp-json\/wp\/v2\/media?parent=1318"}],"wp:term":[{"taxonomy":"product_brand","embeddable":true,"href":"https:\/\/www.orthonowcare.com\/es\/wp-json\/wp\/v2\/product_brand?post=1318"},{"taxonomy":"product_cat","embeddable":true,"href":"https:\/\/www.orthonowcare.com\/es\/wp-json\/wp\/v2\/product_cat?post=1318"},{"taxonomy":"product_tag","embeddable":true,"href":"https:\/\/www.orthonowcare.com\/es\/wp-json\/wp\/v2\/product_tag?post=1318"}],"curies":[{"name":"gracias","href":"https:\/\/api.w.org\/{rel}","templated":true}]}}