{"id":1320,"date":"2025-04-14T19:40:03","date_gmt":"2025-04-14T19:40:03","guid":{"rendered":"https:\/\/www.orthonowcare.com\/?post_type=product&#038;p=1320"},"modified":"2025-09-29T12:02:00","modified_gmt":"2025-09-29T16:02:00","slug":"orthonaturals-500mg-tincture-with-terpenes","status":"publish","type":"product","link":"https:\/\/www.orthonowcare.com\/es\/producto\/orthonaturals-500mg-tincture-with-terpenes\/","title":{"rendered":"Tintura OrthoNaturals de 500 mg con terpenos"},"content":{"rendered":"<h4>\u00bfPor qu\u00e9 elegir OrthoNaturals?<\/h4>\n<p>En OrthoNaturals, creemos que el alivio debe provenir de la naturaleza y de expertos de confianza. Nuestros productos de CBD est\u00e1n dise\u00f1ados por profesionales ortop\u00e9dicos y elaborados con ingredientes org\u00e1nicos de primera calidad para ofrecer resultados impactantes.<\/p>","protected":false},"excerpt":{"rendered":"<p><span style=\"font-weight: 400;\">Experimente un alivio r\u00e1pido y completo con nuestra tintura de CBD. Dise\u00f1ada para una r\u00e1pida absorci\u00f3n y enriquecida con terpenos naturales para favorecer la reducci\u00f3n de la inflamaci\u00f3n y el alivio del dolor.<\/span><\/p>\n<ul>\n<li style=\"font-weight: 400;\" aria-level=\"2\"><span style=\"font-weight: 400;\">Disminuye la inflamaci\u00f3n y ayuda a reducir el dolor.<\/span><\/li>\n<li style=\"font-weight: 400;\" aria-level=\"2\"><span style=\"font-weight: 400;\">Acci\u00f3n r\u00e1pida: sienta los efectos en 30 minutos<\/span><\/li>\n<li style=\"font-weight: 400;\" aria-level=\"2\"><span style=\"font-weight: 400;\">500 mg de CBD premium<\/span><\/li>\n<li style=\"font-weight: 400;\" aria-level=\"2\"><span style=\"font-weight: 400;\">Gotero f\u00e1cil de usar para una dosificaci\u00f3n precisa.<\/span><\/li>\n<li style=\"font-weight: 400;\" aria-level=\"2\"><span style=\"font-weight: 400;\">Ingredientes org\u00e1nicos<\/span><\/li>\n<li aria-level=\"2\">Contiene una peque\u00f1a cantidad de THC (los roll-on y lociones t\u00f3picas de OrthoNaturals no lo contienen)<\/li>\n<\/ul>\n<p>Los productos defectuosos son elegibles para un cambio.<\/p>","protected":false},"featured_media":4266,"template":"","meta":{"_acf_changed":false,"inline_featured_image":false},"product_brand":[],"product_cat":[32],"product_tag":[],"class_list":{"0":"post-1320","1":"product","2":"type-product","3":"status-publish","4":"has-post-thumbnail","6":"product_cat-uncategorized","8":"first","9":"instock","10":"taxable","11":"shipping-taxable","12":"purchasable","13":"product-type-simple"},"acf":[],"_links":{"self":[{"href":"https:\/\/www.orthonowcare.com\/es\/wp-json\/wp\/v2\/product\/1320","targetHints":{"allow":["GET"]}}],"collection":[{"href":"https:\/\/www.orthonowcare.com\/es\/wp-json\/wp\/v2\/product"}],"about":[{"href":"https:\/\/www.orthonowcare.com\/es\/wp-json\/wp\/v2\/types\/product"}],"version-history":[{"count":0,"href":"https:\/\/www.orthonowcare.com\/es\/wp-json\/wp\/v2\/product\/1320\/revisions"}],"wp:featuredmedia":[{"embeddable":true,"href":"https:\/\/www.orthonowcare.com\/es\/wp-json\/wp\/v2\/media\/4266"}],"wp:attachment":[{"href":"https:\/\/www.orthonowcare.com\/es\/wp-json\/wp\/v2\/media?parent=1320"}],"wp:term":[{"taxonomy":"product_brand","embeddable":true,"href":"https:\/\/www.orthonowcare.com\/es\/wp-json\/wp\/v2\/product_brand?post=1320"},{"taxonomy":"product_cat","embeddable":true,"href":"https:\/\/www.orthonowcare.com\/es\/wp-json\/wp\/v2\/product_cat?post=1320"},{"taxonomy":"product_tag","embeddable":true,"href":"https:\/\/www.orthonowcare.com\/es\/wp-json\/wp\/v2\/product_tag?post=1320"}],"curies":[{"name":"gracias","href":"https:\/\/api.w.org\/{rel}","templated":true}]}}